{"id":5706,"date":"2021-12-02T14:34:47","date_gmt":"2021-12-02T11:34:47","guid":{"rendered":"http:\/\/oprofix.com\/kvkk-aydinlatma-metni\/"},"modified":"2021-12-06T19:54:18","modified_gmt":"2021-12-06T16:54:18","slug":"protection-of-personal-data","status":"publish","type":"page","link":"https:\/\/oprofix.com\/en\/protection-of-personal-data\/","title":{"rendered":"Protection of Personal Data"},"content":{"rendered":"[vc_row content_placement=&#8221;middle&#8221; parallax=&#8221;enable_parallax&#8221; bg_position=&#8221;center top&#8221; css=&#8221;.vc_custom_1638206834060{padding-top: 140px !important;padding-bottom: 80px !important;background-color: #013682 !important;background-position: center;background-repeat: no-repeat !important;background-size: cover !important;}&#8221; responsive_css=&#8221;padding_top_medium:170px&#8221;][vc_column]<style>.ld_fancy_heading_69f45b2f6ee7c h1{color:rgb(255, 255, 255);}@media (min-width: 992px) { .ld_fancy_heading_69f45b2f6ee7c h1 {font-size:74px; }  } .ld_fancy_heading_69f45b2f6ee7c h1 {line-height:0.9em; } .ld_fancy_heading_69f45b2f6ee7c h1 {--element-line-height:0.9em; } .ld_fancy_heading_69f45b2f6ee7c .lqd-highlight-inner{height:0.275em;bottom:0px;}@media (min-width: 992px) { .ld_fancy_heading_69f45b2f6ee7c h1 {font-size:74px; }  } .ld_fancy_heading_69f45b2f6ee7c h1 {line-height:0.9em; } .ld_fancy_heading_69f45b2f6ee7c h1 {--element-line-height:0.9em; } <\/style><div class=\"ld-fancy-heading ld_fancy_heading_69f45b2f6ee7c\">\n\t<h1 class=\"ld-fh-element lqd-highlight-underline lqd-highlight-grow-left text-decoration-default\"   >  Protection of Personal Data<\/h1><\/div>[\/vc_column][\/vc_row][vc_row css=&#8221;.vc_custom_1638206338898{margin-top: 50px !important;margin-bottom: 50px !important;}&#8221;][vc_column][vc_column_text]<strong>PROTECTION OF PERSONAL DATA<\/strong>\r\n\r\n<span style=\"font-weight: 400;\">\u00a0As Oprofix Bilgi Teknolojileri Yaz\u0131l\u0131m Geli\u015ftirme ve Dan\u0131\u015fmanl\u0131k Limited \u015eirketi, we attach importance to the security of your personal data, which we process as the data controller defined in the Law on Protection of Personal Data No. 6698.\u00a0 Therefore, we would like to inform you about the processing of your personal data.<\/span>\r\n\r\n<strong>\u00a0PURPOSE AND LEGAL REASON OF PROCESSING YOUR PERSONAL DATA<\/strong>\r\n\r\n<span style=\"font-weight: 400;\">\u00a0Your personal data is processed in accordance with the Law on the Protection of Personal Data No. 6698 and secondary regulations within the framework of the purposes and legal reasons stated below.\u00a0 In this context, your personal data such as \u201cname-surname, e-mail address, telephone number, IP Address, Log Records\u201d provided on our website www.oprofix.com are based on legal reasons for the legitimate interests of the company and the fulfillment of legal obligations, as well as the establishment and protection of the right. As a result, the legal differences in the &#8220;\u00e7&#8221;, &#8220;e&#8221; and &#8220;f&#8221; paragraphs of the 2nd paragraph of the 5th article of the law numbered 6698\u2026<\/span>\r\n\r\n<strong>TRANSFERRING PERSONAL DATA<\/strong>\r\n\r\n<span style=\"font-weight: 400;\">\u00a0Oprofix Bilgi Teknolojileri Yaz\u0131l\u0131m Geli\u015ftirme ve Dan\u0131\u015fmanl\u0131k Limited \u015eirketi will provide you with your personal data in order to fulfill the obligations under the law numbered 5651, to improve the service offered to you, to ensure its security, to detect fraudulent or unauthorized use, to investigate operational evaluations, to correct errors related to website services. such as outsourcing service providers, hosting service providers (hosting services), law firms, research companies, call centers, including those who send SMS in order to communicate, facilitate your internet usage activities and other purposes specified in our cookie policy&#8221; and to achieve any of these purposes. In accordance with the purposes of obtaining the data with third parties, with its partners and affiliates in the country and \/ or abroad (and \/ or the third party business that needs to be shared for the fulfillment of the work\u00a0 partners) in accordance with Articles 8 and 9 of the Law.<\/span>\r\n\r\n<strong>METHODS OF COLLECTION OF PERSONAL DATA<\/strong>\r\n\r\n<span style=\"font-weight: 400;\">\u00a0<\/span><span style=\"font-weight: 400;\">Oprofix Bilgi Teknolojileri Yaz\u0131l\u0131m Geli\u015ftirme ve Dan\u0131\u015fmanl\u0131k Limited \u015eirketi<\/span><span style=\"font-weight: 400;\"> Limited Company, your personal data;\u00a0 It is collected by logging into our website, becoming a member of our website or filling out the contact form in order to get in touch.\u00a0 In addition, your personal data is also collected in cases where you communicate with <\/span><span style=\"font-weight: 400;\">Oprofix Bilgi Teknolojileri Yaz\u0131l\u0131m Geli\u015ftirme ve Dan\u0131\u015fmanl\u0131k Limited \u015eirketi<\/span><span style=\"font-weight: 400;\"> through other methods.<\/span>\r\n\r\n<strong>\u00a0STORAGE OF PERSONAL DATA<\/strong>\r\n\r\n<span style=\"font-weight: 400;\">\u00a0Your personal data will be processed and stored within the scope of the legal exceptions, the legal reason of which is stated above, within the scope of Article 5 of the Law on the Protection of Personal Data No. 6698.\u00a0 In this context, it will keep personal data for as long as required by the above-mentioned processing purposes.\u00a0 In addition, Oprofix Bilgi Teknolojileri Yaz\u0131l\u0131m Geli\u015ftirme ve Dan\u0131\u015fmanl\u0131k Limited \u015eirketi will be able to keep personal data in case of any dispute that may arise with the Related Persons, limited to the purpose of making the necessary defenses within the scope of the dispute, and during the statute of limitations determined in accordance with the legislation.<\/span>\r\n\r\n<strong>YOUR RIGHTS REGARDING YOUR PERSONAL DATA<\/strong>\r\n\r\n<span style=\"font-weight: 400;\">\u00a0By applying to <\/span><span style=\"font-weight: 400;\">Oprofix Bilgi Teknolojileri Yaz\u0131l\u0131m Geli\u015ftirme ve Dan\u0131\u015fmanl\u0131k Limited \u015eirketi<\/span><span style=\"font-weight: 400;\"> as a data owner;<\/span>\r\n<ul>\r\n \t<li><span style=\"font-weight: 400;\"> Learning whether your personal data is processed or not,<\/span><\/li>\r\n \t<li><span style=\"font-weight: 400;\"> If your personal data has been processed, requesting information about it,<\/span><\/li>\r\n \t<li><span style=\"font-weight: 400;\"> To learn the purpose of processing your personal data and whether they are used in accordance with the purpose,<\/span><\/li>\r\n \t<li><span style=\"font-weight: 400;\"> Knowing the third parties to whom your personal data is transferred, in the country or abroad,<\/span><\/li>\r\n \t<li><span style=\"font-weight: 400;\"> Requesting correction of your personal data in case of incomplete or incorrect processing and requesting notification of the transactions made within this scope to the third parties to whom your personal data has been transferred,<\/span><\/li>\r\n \t<li><span style=\"font-weight: 400;\"> Requesting the deletion or destruction of your personal data in the event that the reasons requiring its processing are eliminated, and requesting that the transactions made within this scope be notified to the third parties to whom your personal data has been transferred,<\/span><\/li>\r\n \t<li><span style=\"font-weight: 400;\"> Objecting to the emergence of a result against you by analyzing your processed data exclusively through automated systems,<\/span><\/li>\r\n \t<li><span style=\"font-weight: 400;\"> Requesting the deletion or destruction of personal data within the framework of the conditions in Article 7 of the Law, requesting notification of the correction, deletion or destruction of personal data to third parties with whom personal data has been shared,<\/span><\/li>\r\n \t<li><span style=\"font-weight: 400;\"> You have the right to demand the compensation of the damage in case you suffer damage due to unlawful processing of your personal data.<\/span><\/li>\r\n<\/ul>\r\n<span style=\"font-weight: 400;\">\u00a0If you submit your requests regarding your rights listed above to <\/span><span style=\"font-weight: 400;\">Oprofix Bilgi Teknolojileri Yaz\u0131l\u0131m Geli\u015ftirme ve Dan\u0131\u015fmanl\u0131k Limited \u015eirketi<\/span><span style=\"font-weight: 400;\"> in accordance with the application procedures stipulated in the Communiqu\u00e9 on Application Procedures and Principles to the Data Controller, Oprofix Bilgi Teknolojileri Yaz\u0131l\u0131m Geli\u015ftirme ve Dan\u0131\u015fmanl\u0131k Limited \u015eirketi will be concluded free of charge within 30 (thirty) days.\u00a0 However, if the transaction requires an additional cost, <\/span><span style=\"font-weight: 400;\">Oprofix Bilgi Teknolojileri Yaz\u0131l\u0131m Geli\u015ftirme ve Dan\u0131\u015fmanl\u0131k Limited \u015eirketi <\/span><span style=\"font-weight: 400;\">may request the fee in the tariff determined by the Personal Data Protection Board.<\/span>\r\n\r\n<span style=\"font-weight: 400;\">\u00a0For detailed information, you can find out by examining our Personal Data Protection Policy at www.oprofix.com.<\/span>\r\n\r\n<span style=\"font-weight: 400;\">\u00a0I was informed by <\/span><span style=\"font-weight: 400;\">Oprofix Bilgi Teknolojileri Yaz\u0131l\u0131m Geli\u015ftirme ve Dan\u0131\u015fmanl\u0131k Limited \u015eirketi<\/span><span style=\"font-weight: 400;\"> about the method, purpose and legal reasons and my rights regarding the processing and transfer of my personal data.<\/span>\r\n\r\n<span style=\"font-weight: 400;\">\u00a0As <\/span><span style=\"font-weight: 400;\">Oprofix Bilgi Teknolojileri Yaz\u0131l\u0131m Geli\u015ftirme ve Dan\u0131\u015fmanl\u0131k Limited \u015eirketi<\/span><span style=\"font-weight: 400;\">, we attach importance to the security of your personal data, which we process as the data controller defined in the Law on Protection of Personal Data No. 6698.\u00a0 Therefore, we would like to inform you about the processing of your personal data.<\/span>\r\n\r\n<strong>PURPOSE AND LEGAL REASON OF PROCESSING YOUR PERSONAL DATA<\/strong>\r\n\r\n<span style=\"font-weight: 400;\">\u00a0Your personal data is processed in accordance with the Law on the Protection of Personal Data No. 6698 and secondary regulations within the framework of the purposes and legal reasons stated below.\u00a0 In this context, your personal data such as \u201cname-surname, e-mail address, telephone number, IP Address, Log Records\u201d provided on our website www.oprofix.com are based on legal reasons for the legitimate interests of the company and the fulfillment of legal obligations, as well as the establishment and protection of the right. As part of the legal reasons in paragraphs &#8220;\u00e7&#8221;, &#8220;e&#8221; and &#8220;f&#8221; of paragraph 2 of article 5 of the law numbered 6698, fulfilling the obligations under the law numbered 5651, improving the service offered to you, ensuring its security, detecting fraudulent or unauthorized use, It is processed for the purposes of investigating operational evaluations, eliminating errors related to website services, communicating with you, facilitating your internet usage activities and other purposes specified in our cookie policy.<\/span>\r\n\r\n<span style=\"font-weight: 400;\">\u00a0<strong>TRANSFERRING PERSONAL DATA<\/strong><\/span>\r\n\r\n<span style=\"font-weight: 400;\">\u00a0Oprofix Bilgi Teknolojileri Yaz\u0131l\u0131m Geli\u015ftirme ve Dan\u0131\u015fmanl\u0131k Limited \u015eirketi will provide you with your personal data in order to fulfill the obligations under the law numbered 5651, to improve the service offered to you, to ensure its security, to detect fraudulent or unauthorized use, to investigate operational evaluations, to correct errors related to website services. such as outsourcing service providers, hosting service providers (hosting services), law firms, research companies, call centers, including those who send SMS in order to communicate, facilitate your internet usage activities and other purposes specified in our cookie policy&#8221; and to achieve any of these purposes. In accordance with the purposes of obtaining the data with third parties, with its partners and affiliates in the country and \/ or abroad (and \/ or the third party business that needs to be shared for the fulfillment of the work\u00a0 partners) in accordance with Articles 8 and 9 of the Law.<\/span>\r\n\r\n<strong>METHODS OF COLLECTION OF PERSONAL DATA<\/strong>\r\n\r\n<span style=\"font-weight: 400;\">\u00a0<\/span><span style=\"font-weight: 400;\">Oprofix Bilgi Teknolojileri Yaz\u0131l\u0131m Geli\u015ftirme ve Dan\u0131\u015fmanl\u0131k Limited \u015eirketi<\/span><span style=\"font-weight: 400;\">, your personal data;\u00a0 It is collected by logging into our website, becoming a member of our website or filling out the contact form in order to get in touch.\u00a0 In addition, your personal data is also collected in cases where you communicate with <\/span><span style=\"font-weight: 400;\">Oprofix Bilgi Teknolojileri Yaz\u0131l\u0131m Geli\u015ftirme ve Dan\u0131\u015fmanl\u0131k Limited \u015eirketi <\/span><span style=\"font-weight: 400;\">through other methods.<\/span>\r\n\r\n<strong>\u00a0STORAGE OF PERSONAL DATA<\/strong>\r\n\r\n<span style=\"font-weight: 400;\">\u00a0Your personal data will be processed and stored within the scope of the legal exceptions, the legal reason of which is stated above, within the scope of Article 5 of the Law on the Protection of Personal Data No. 6698.\u00a0 In this context, it will keep personal data for as long as required by the above-mentioned processing purposes.\u00a0 In addition, Oprofix Bilgi Teknolojileri Yaz\u0131l\u0131m Geli\u015ftirme ve Dan\u0131\u015fmanl\u0131k Limited \u015eirketi will be able to keep personal data in case of any dispute that may arise with the Related Persons, limited to the purpose of making the necessary defenses within the scope of the dispute, and during the statute of limitations determined in accordance with the legislation.<\/span>\r\n\r\n<strong>YOUR RIGHTS REGARDING YOUR PERSONAL DATA<\/strong>\r\n\r\n<span style=\"font-weight: 400;\">\u00a0By applying to Oprofix Bilgi Teknolojileri Yaz\u0131l\u0131m Geli\u015ftirme ve Dan\u0131\u015fmanl\u0131k Limited \u015eirketi as a data owner;<\/span>\r\n\r\n<span style=\"font-weight: 400;\">\u00a0-Learning whether your personal data is processed,<\/span>\r\n\r\n<span style=\"font-weight: 400;\">\u00a0&#8211; If your personal data has been processed, requesting information about it,<\/span>\r\n\r\n<span style=\"font-weight: 400;\">\u00a0-Learning the purpose of processing your personal data and whether they are used in accordance with the purpose,<\/span>\r\n\r\n<span style=\"font-weight: 400;\">\u00a0&#8211; Knowing the third parties to whom your personal data is transferred, at home or abroad,<\/span>\r\n\r\n<span style=\"font-weight: 400;\">\u00a0&#8211; Requesting correction of your personal data in case of incomplete or incorrect processing and requesting notification of the transactions made within this scope to the third parties to whom your personal data has been transferred,<\/span>\r\n\r\n<span style=\"font-weight: 400;\">\u00a0&#8211; Requesting the deletion or destruction of your personal data in the event that the reasons for its processing disappear, and requesting that the transactions made within this scope be notified to the third parties to whom your personal data has been transferred,<\/span>\r\n\r\n<span style=\"font-weight: 400;\">\u00a0&#8211; Objecting to the emergence of a result against you by analyzing your processed data exclusively through automated systems,<\/span>\r\n\r\n<span style=\"font-weight: 400;\">\u00a0&#8211; To request the deletion or destruction of personal data within the framework of the conditions in Article 7 of the Law, to request that the correction, deletion or destruction be notified to the third parties to whom the personal data is shared,<\/span>\r\n\r\n<span style=\"font-weight: 400;\">\u00a0&#8211; You have the right to demand the compensation of the damage in case you suffer damage due to the unlawful processing of your personal data.<\/span>\r\n\r\n<span style=\"font-weight: 400;\">\u00a0If you submit your requests regarding your rights listed above to Oprofix Bilgi Teknolojileri Yaz\u0131l\u0131m Geli\u015ftirme ve Dan\u0131\u015fmanl\u0131k Limited \u015eirketi in accordance with the application procedures stipulated in the Communiqu\u00e9 on Application Procedures and Principles to the Data Controller, Oprofix Bilgi Teknolojileri Yaz\u0131l\u0131m Geli\u015ftirme ve Dan\u0131\u015fmanl\u0131k Limited \u015eirketi will be concluded free of charge within 30 (thirty) days.\u00a0 However, if the transaction requires an additional cost, Oprofix Bilgi Teknolojileri Yaz\u0131l\u0131m Geli\u015ftirme ve Dan\u0131\u015fmanl\u0131k Limited \u015eirketi may request the fee in the tariff determined by the Personal Data Protection Board.<\/span>\r\n\r\n<span style=\"font-weight: 400;\">\u00a0For detailed information, you can find out by examining our Personal Data Protection Policy at www.oprofix.com.<\/span>\r\n\r\n<span style=\"font-weight: 400;\">\u00a0I was informed by Oprofix Bilgi Teknolojileri Yaz\u0131l\u0131m Geli\u015ftirme ve Dan\u0131\u015fmanl\u0131k Limited \u015eirketi about the method, purpose and legal reasons and my rights regarding the processing and transfer of my personal data.<\/span>[\/vc_column_text][\/vc_column][\/vc_row][vc_row][vc_column][vc_column_text]\r\n\r\n[\/vc_column_text][\/vc_column][\/vc_row]<!-- \/wp:post-content -->","protected":false},"excerpt":{"rendered":"<p>[vc_row content_placement=&#8221;middle&#8221; parallax=&#8221;enable_parallax&#8221; bg_position=&#8221;center top&#8221; css=&#8221;.vc_custom_1638206834060{padding-top: 140px !important;padding-bottom: 80px !important;background-color: #013682 !important;background-position: center;background-repeat: no-repeat !important;background-size: cover !important;}&#8221; responsive_css=&#8221;padding_top_medium:170px&#8221;][vc_column][\/vc_column][\/vc_row][vc_row css=&#8221;.vc_custom_1638206338898{margin-top: 50px !important;margin-bottom: 50px !important;}&#8221;][vc_column][vc_column_text]PROTECTION OF PERSONAL DATA \u00a0As Oprofix Bilgi Teknolojileri Yaz\u0131l\u0131m Geli\u015ftirme ve Dan\u0131\u015fmanl\u0131k Limited \u015eirketi, we attach importance to the security of your personal data, which we process as the data controller defined in [&hellip;]<\/p>\n","protected":false},"author":1,"featured_media":0,"parent":0,"menu_order":0,"comment_status":"closed","ping_status":"closed","template":"","meta":{"footnotes":""},"class_list":["post-5706","page","type-page","status-publish","hentry"],"post_mailing_queue_ids":[],"_links":{"self":[{"href":"https:\/\/oprofix.com\/en\/wp-json\/wp\/v2\/pages\/5706","targetHints":{"allow":["GET"]}}],"collection":[{"href":"https:\/\/oprofix.com\/en\/wp-json\/wp\/v2\/pages"}],"about":[{"href":"https:\/\/oprofix.com\/en\/wp-json\/wp\/v2\/types\/page"}],"author":[{"embeddable":true,"href":"https:\/\/oprofix.com\/en\/wp-json\/wp\/v2\/users\/1"}],"replies":[{"embeddable":true,"href":"https:\/\/oprofix.com\/en\/wp-json\/wp\/v2\/comments?post=5706"}],"version-history":[{"count":0,"href":"https:\/\/oprofix.com\/en\/wp-json\/wp\/v2\/pages\/5706\/revisions"}],"wp:attachment":[{"href":"https:\/\/oprofix.com\/en\/wp-json\/wp\/v2\/media?parent=5706"}],"curies":[{"name":"wp","href":"https:\/\/api.w.org\/{rel}","templated":true}]}}