{"id":5704,"date":"2021-12-02T14:34:17","date_gmt":"2021-12-02T11:34:17","guid":{"rendered":"http:\/\/oprofix.com\/iletisim\/"},"modified":"2021-12-05T21:55:45","modified_gmt":"2021-12-05T18:55:45","slug":"contact-us","status":"publish","type":"page","link":"https:\/\/oprofix.com\/en\/contact-us\/","title":{"rendered":"Contact Us"},"content":{"rendered":"<p>[vc_row content_placement=&#8221;middle&#8221; parallax=&#8221;enable_parallax&#8221; bg_position=&#8221;center center&#8221; css=&#8221;.vc_custom_1637671386680{padding-top: 140px !important;padding-bottom: 80px !important;background: #013682 url(http:\/\/oprofix.com\/wp-content\/uploads\/2021\/11\/header-1.jpg?id=5251);background-position: center;background-repeat: no-repeat !important;background-size: cover !important;}&#8221; responsive_css=&#8221;padding_top_medium:170px&#8221;][vc_column][\/vc_column][vc_column offset=&#8221;vc_col-md-6&#8243;]<style>.ld_fancy_heading_69e6feb83795f h1{color:rgb(255, 255, 255);}@media (min-width: 992px) { .ld_fancy_heading_69e6feb83795f h1 {font-size:74px; }  } .ld_fancy_heading_69e6feb83795f h1 {line-height:0.9em; } .ld_fancy_heading_69e6feb83795f h1 {--element-line-height:0.9em; } .ld_fancy_heading_69e6feb83795f .lqd-highlight-inner{height:0.275em;bottom:0px;}@media (min-width: 992px) { .ld_fancy_heading_69e6feb83795f h1 {font-size:74px; }  } .ld_fancy_heading_69e6feb83795f h1 {line-height:0.9em; } .ld_fancy_heading_69e6feb83795f h1 {--element-line-height:0.9em; } <\/style><div class=\"ld-fancy-heading ld_fancy_heading_69e6feb83795f\">\n\t<h1 class=\"ld-fh-element lqd-highlight-underline lqd-highlight-grow-left text-decoration-default\"   >  Contact Us<\/h1><\/div>[\/vc_column][vc_column width=&#8221;1\/2&#8243; offset=&#8221;vc_col-lg-offset-2 vc_col-lg-4 vc_col-md-offset-1 vc_col-md-5&#8243;]<style>.ld_fancy_heading_69e6feb837d0a p{color:rgb(255, 255, 255);}.ld_fancy_heading_69e6feb837d0a p {font-size:19px; } .ld_fancy_heading_69e6feb837d0a p {line-height:1.3em; } .ld_fancy_heading_69e6feb837d0a p {--element-line-height:1.3em; } .ld_fancy_heading_69e6feb837d0a .lqd-highlight-inner{height:0.275em;bottom:0px;}.ld_fancy_heading_69e6feb837d0a p {font-size:19px; } .ld_fancy_heading_69e6feb837d0a p {line-height:1.3em; } .ld_fancy_heading_69e6feb837d0a p {--element-line-height:1.3em; } <\/style><div class=\"ld-fancy-heading ld_fancy_heading_69e6feb837d0a\">\n\t<p class=\"ld-fh-element lqd-highlight-underline lqd-highlight-grow-left text-decoration-default\"   >  Would you like to learn about our capabilities and how we can collaborate?<\/p><\/div>[\/vc_column][\/vc_row][vc_row content_placement=&#8221;middle&#8221; responsive_css=&#8221;padding_top_medium:100px|padding_bottom_medium:100px|padding_top_small:80px|padding_bottom_small:80px&#8221; css=&#8221;.vc_custom_1610102039754{padding-top: 30px !important;padding-bottom: 60px !important;}&#8221;][vc_column enable_content_animation=&#8221;yes&#8221; ca_init_scale_x=&#8221;1&#8243; ca_init_scale_y=&#8221;1&#8243; ca_init_opacity=&#8221;0&#8243; ca_an_scale_x=&#8221;1&#8243; ca_an_scale_y=&#8221;1&#8243; ca_an_opacity=&#8221;1&#8243; ca_init_scale_z=&#8221;1&#8243; ca_an_scale_z=&#8221;1&#8243; offset=&#8221;vc_col-lg-4 vc_col-md-6&#8243; ca_duration=&#8221;1800&#8243; ca_delay=&#8221;180&#8243; ca_init_translate_y=&#8221;60&#8243; css=&#8221;.vc_custom_1611401104375{padding-top: 35px !important;padding-bottom: 35px !important;}&#8221;]<style>.ld_fancy_heading_69e6feb837f52 h2{color:rgb(1, 54, 130);}.ld_fancy_heading_69e6feb837f52 h2 {font-size:34px; } @media (min-width: 992px) { .ld_fancy_heading_69e6feb837f52 h2 {padding-right:14% !important;  }  } .ld_fancy_heading_69e6feb837f52 .lqd-highlight-inner{height:0.275em;bottom:0px;}.ld_fancy_heading_69e6feb837f52 h2 {font-size:34px; } @media (min-width: 992px) { .ld_fancy_heading_69e6feb837f52 h2 {padding-right:14% !important;  }  } <\/style><div class=\"ld-fancy-heading ld_fancy_heading_69e6feb837f52\">\n\t<h2 class=\"ld-fh-element lqd-highlight-underline lqd-highlight-grow-left text-decoration-default\"   >  Contact Information<\/h2><\/div><style>.ld_fancy_heading_69e6feb83817c p {margin-bottom:1.85em !important;  } .ld_fancy_heading_69e6feb83817c .lqd-highlight-inner{height:0.275em;bottom:0px;}.ld_fancy_heading_69e6feb83817c p {margin-bottom:1.85em !important;  } <\/style><div class=\"ld-fancy-heading ld_fancy_heading_69e6feb83817c\">\n\t<p class=\"ld-fh-element lqd-highlight-underline lqd-highlight-grow-left text-decoration-default\"   >  We are very interested in your current and future technological requirements; Our experts will be happy to schedule a meeting and discuss the possibilities together.<\/p><\/div><style>.ld_icon_box_69e6feb8383c8 .iconbox-icon-container{color:rgb(204, 204, 204);font-size:18px;border-radius:px;}.ld_icon_box_69e6feb8383c8 h3{color:rgba(0, 0, 0, 0.6);font-size:15px;}<\/style>\n<div class=\"iconbox iconbox-inline text-align-default ld_icon_box_69e6feb8383c8 vc_custom_1638176770193\" id=\"ld_icon_box_69e6feb8383c8\"  data-animate-icon=\"true\" data-plugin-options='{\"color\":\"rgb(204, 204, 204)\"}'  >\n\t\n\t\t\t\t\t\n\t\n\t<div class=\"iconbox-icon-wrap\"><span class=\"iconbox-icon-container\"><i class=\"fas fa-map-marker-alt\"><\/i><\/span><\/div>\t\n\t<h3 class=\"font-weight-normal\">Kolektif House Levent Esentepe Mahallesi Talatpa\u015fa Cad. No:5\/1 Harman Sk Giri\u015fi, 34394 \u015ei\u015fli\/\u0130stanbul<\/h3>\t\n\t\t\n\t\t\n\t\t\t\t\n\t\t\n\t\n<\/div>\n<style>.ld_icon_box_69e6feb8392e2 .iconbox-icon-container{color:rgb(204, 204, 204);font-size:18px;border-radius:px;}.ld_icon_box_69e6feb8392e2 h3{color:rgba(0, 0, 0, 0.6);margin-bottom:px;font-size:15px;}<\/style>\n<div class=\"iconbox iconbox-inline text-align-default ld_icon_box_69e6feb8392e2 vc_custom_1638456380424\" id=\"ld_icon_box_69e6feb8392e2\"  data-animate-icon=\"true\" data-plugin-options='{\"color\":\"rgb(204, 204, 204)\"}'  >\n\t\n\t\t\t\t\t\n\t\n\t<div class=\"iconbox-icon-wrap\"><span class=\"iconbox-icon-container\"><i class=\"fas fa-envelope\"><\/i><\/span><\/div>\t\n\t<h3 class=\"font-weight-normal\">E-Mail: info@oprofix.com<\/h3>\t\n\t\t\n\t\t\n\t\t\t\t\n\t\t\n\t\n<\/div>\n<style>.ld_icon_box_69e6feb839907 .iconbox-icon-container{color:rgb(204, 204, 204);font-size:18px;border-radius:px;}.ld_icon_box_69e6feb839907 h3{color:rgba(0, 0, 0, 0.6);margin-bottom:px;font-size:15px;}<\/style>\n<div class=\"iconbox iconbox-inline text-align-default ld_icon_box_69e6feb839907 vc_custom_1638456394880\" id=\"ld_icon_box_69e6feb839907\"  data-animate-icon=\"true\" data-plugin-options='{\"color\":\"rgb(204, 204, 204)\"}'  >\n\t\n\t\t\t\t\t\n\t\n\t<div class=\"iconbox-icon-wrap\"><span class=\"iconbox-icon-container\"><i class=\"fas fa-mobile\"><\/i><\/span><\/div>\t\n\t<h3 class=\"font-weight-normal\">Phone: (0212) 924 24 10<\/h3>\t\n\t\t\n\t\t\n\t\t\t\t\n\t\t\n\t\n<\/div>\n[\/vc_column][vc_column enable_column_shadowbox=&#8221;yes&#8221; enable_content_animation=&#8221;yes&#8221; ca_init_scale_x=&#8221;1&#8243; ca_init_scale_y=&#8221;1&#8243; ca_init_opacity=&#8221;0&#8243; ca_an_scale_x=&#8221;1&#8243; ca_an_scale_y=&#8221;1&#8243; ca_an_opacity=&#8221;1&#8243; ca_init_scale_z=&#8221;1&#8243; ca_an_scale_z=&#8221;1&#8243; offset=&#8221;vc_col-md-offset-1 vc_col-md-7&#8243; css=&#8221;.vc_custom_1611401114925{padding-top: 35px !important;padding-right: 50px !important;padding-bottom: 40px !important;padding-left: 50px !important;background-color: #ffffff !important;border-radius: 5px !important;}&#8221; column_box_shadow=&#8221;%5B%7B%22x_offset%22%3A%220%22%2C%22y_offset%22%3A%2210px%22%2C%22blur_radius%22%3A%2260px%22%2C%22shadow_color%22%3A%22rgba(0%2C%200%2C%200%2C%200.07)%22%7D%5D&#8221; responsive_css=&#8221;padding_bottom_medium:20px&#8221; ca_duration=&#8221;1800&#8243; ca_start_delay=&#8221;250&#8243; ca_delay=&#8221;180&#8243; ca_init_translate_y=&#8221;35&#8243;]<style>.ld_cf7_69e6feb839bf3 input,.ld_cf7_69e6feb839bf3 textarea,.ld_cf7_69e6feb839bf3 .ui-button.ui-selectmenu-button{font-size:14px;font-weight:400;}.ld_cf7_69e6feb839bf3 input[type=\"submit\"]{font-size:16px;font-weight:700;background:rgb(1, 54, 130);color:rgb(255, 255, 255);border-color:rgb(1, 54, 130);}.ld_cf7_69e6feb839bf3 input, .ld_cf7_69e6feb839bf3 select, .ld_cf7_69e6feb839bf3 textarea, .ld_cf7_69e6feb839bf3 .ui-button.ui-selectmenu-button, .ld_cf7_69e6feb839bf3 .wpcf7-form-control-wrap > i, .ld_cf7_69e6feb839bf3 .wpcf7-radio{color:rgb(1, 54, 130);}.ld_cf7_69e6feb839bf3 input:focus, .ld_cf7_69e6feb839bf3 select:focus, .ld_cf7_69e6feb839bf3 textarea:focus, .ld_cf7_69e6feb839bf3 .ui-button.ui-selectmenu-button:hover, .wpcf7-acceptance .wpcf7-list-item-label:after{color:rgb(1, 54, 130);}.ld_cf7_69e6feb839bf3 input, .ld_cf7_69e6feb839bf3 select, .ld_cf7_69e6feb839bf3 textarea, .ld_cf7_69e6feb839bf3 .ui-button.ui-selectmenu-button, .ld_cf7_69e6feb839bf3 .wpcf7-acceptance .wpcf7-list-item-label:before{border-color:rgb(208, 215, 222);}.ld_cf7_69e6feb839bf3 input:focus, .ld_cf7_69e6feb839bf3 select:focus, .ld_cf7_69e6feb839bf3 textarea:focus, .ld_cf7_69e6feb839bf3 .ui-button.ui-selectmenu-button:hover{border-color:rgb(1, 54, 130);}.ld_cf7_69e6feb839bf3 input[type=\"submit\"]:focus,.ld_cf7_69e6feb839bf3 input[type=\"submit\"]:hover{background:rgb(17, 79, 168);}.ld_cf7_69e6feb839bf3 input[type=\"submit\"]:hover{color:rgb(255, 255, 255);border-color:rgb(17, 79, 168);}.ld_cf7_69e6feb839bf3 .wpcf7-form-control-wrap{margin-bottom:30px;}<\/style><div id=\"ld_cf7_69e6feb839bf3\" class=\"lqd-contact-form lqd-contact-form-inputs-underlined lqd-contact-form-inputs-border-thick lqd-contact-form-button-lg lqd-contact-form-button-block lqd-contact-form-button-round ld_cf7_69e6feb839bf3 vc_custom_1638456720765\">\n\t<div role=\"form\" class=\"wpcf7\" id=\"wpcf7-f4534-o1\" lang=\"tr-TR\" dir=\"ltr\">\n<div class=\"screen-reader-response\"><p role=\"status\" aria-live=\"polite\" aria-atomic=\"true\"><\/p> <ul><\/ul><\/div>\n<form action=\"\/en\/wp-json\/wp\/v2\/pages\/5704#wpcf7-f4534-o1\" method=\"post\" class=\"wpcf7-form init\" novalidate=\"novalidate\" data-status=\"init\">\n<div style=\"display: none;\">\n<input type=\"hidden\" name=\"_wpcf7\" value=\"4534\" \/>\n<input type=\"hidden\" name=\"_wpcf7_version\" value=\"5.6.4\" \/>\n<input type=\"hidden\" name=\"_wpcf7_locale\" value=\"tr_TR\" \/>\n<input type=\"hidden\" name=\"_wpcf7_unit_tag\" value=\"wpcf7-f4534-o1\" \/>\n<input type=\"hidden\" name=\"_wpcf7_container_post\" value=\"0\" \/>\n<input type=\"hidden\" name=\"_wpcf7_posted_data_hash\" value=\"\" \/>\n<\/div>\n<div class=\"row\">\n<div class=\"col-md-6\">\n<span class=\"wpcf7-form-control-wrap\" data-name=\"text-619\"><input type=\"text\" name=\"text-619\" value=\"\" size=\"40\" class=\"wpcf7-form-control wpcf7-text wpcf7-validates-as-required\" aria-required=\"true\" aria-invalid=\"false\" placeholder=\"Full name\" \/><\/span>\n<\/div>\n<div class=\"col-md-6\">\n<span class=\"wpcf7-form-control-wrap\" data-name=\"email-899\"><input type=\"email\" name=\"email-899\" value=\"\" size=\"40\" class=\"wpcf7-form-control wpcf7-text wpcf7-email wpcf7-validates-as-required wpcf7-validates-as-email\" aria-required=\"true\" aria-invalid=\"false\" placeholder=\"Email Address\" \/><\/span>\n<\/div>\n<div class=\"col-md-6\">\n<span class=\"wpcf7-form-control-wrap\" data-name=\"tel-957\"><input type=\"tel\" name=\"tel-957\" value=\"\" size=\"40\" class=\"wpcf7-form-control wpcf7-text wpcf7-tel wpcf7-validates-as-required wpcf7-validates-as-tel\" aria-required=\"true\" aria-invalid=\"false\" placeholder=\"Phone number\" \/><\/span>\n<\/div>\n<div class=\"col-md-6\">\n<span class=\"wpcf7-form-control-wrap\" data-name=\"text-353\"><input type=\"text\" name=\"text-353\" value=\"\" size=\"40\" class=\"wpcf7-form-control wpcf7-text wpcf7-validates-as-required\" aria-required=\"true\" aria-invalid=\"false\" placeholder=\"Subject\" \/><\/span>\n<\/div>\n<div class=\"col-md-12\">\n<span class=\"wpcf7-form-control-wrap\" data-name=\"textarea-889\"><textarea name=\"textarea-889\" cols=\"10\" rows=\"4\" class=\"wpcf7-form-control wpcf7-textarea wpcf7-validates-as-required\" aria-required=\"true\" aria-invalid=\"false\" placeholder=\"Your Message\"><\/textarea><\/span>\n<\/div>\n<div class=\"col-md-12\">\n<span class=\"wpcf7-form-control-wrap\" data-name=\"acceptance-372\"><span class=\"wpcf7-form-control wpcf7-acceptance\"><span class=\"wpcf7-list-item\"><label><input type=\"checkbox\" name=\"acceptance-372\" value=\"1\" aria-invalid=\"false\" \/><span class=\"wpcf7-list-item-label\">I am bound by the terms of the service I accept. <br><a href=\"http:\/\/oprofix.com\/en\/protection-of-personal-data\/\">Click to privacy.<\/a><\/span><\/label><\/span><\/span><\/span>\n<\/div>\n<div class=\"col-md-12\">\n<input type=\"submit\" value=\"Send message\" class=\"wpcf7-form-control has-spinner wpcf7-submit\" \/>\n<\/div>\n<\/div>\n<div class=\"wpcf7-response-output\" aria-hidden=\"true\"><\/div><\/form><\/div><\/div>[\/vc_column][\/vc_row][vc_row full_width=&#8221;stretch_row&#8221; gap=&#8221;0&#8243; css=&#8221;.vc_custom_1637765526544{margin-bottom: 0px !important;border-bottom-width: 0px !important;padding-bottom: 0px !important;}&#8221;][vc_column][vc_column_text]<iframe loading=\"lazy\" style=\"border: 0; filter: invert(90%);\" src=\"https:\/\/www.google.com\/maps\/embed?pb=!1m18!1m12!1m3!1d3007.5087195206766!2d29.006295715416265!3d41.079730279293685!2m3!1f0!2f0!3f0!3m2!1i1024!2i768!4f13.1!3m3!1m2!1s0x14cab66774177699%3A0x936fefd8e611f9de!2sKolektif%20House!5e0!3m2!1str!2str!4v1637669381796!5m2!1str!2str\" width=\"100%\" height=\"400\" allowfullscreen=\"allowfullscreen\"><\/iframe>[\/vc_column_text][\/vc_column][\/vc_row][vc_row disable_element=&#8221;yes&#8221; css=&#8221;.vc_custom_1637668267818{margin-top: -1px !important;}&#8221;][vc_column enable_column_shadowbox=&#8221;yes&#8221; enable_content_animation=&#8221;yes&#8221; ca_init_scale_x=&#8221;1&#8243; ca_init_scale_y=&#8221;1&#8243; ca_init_opacity=&#8221;0&#8243; ca_an_scale_x=&#8221;1&#8243; ca_an_scale_y=&#8221;1&#8243; ca_an_opacity=&#8221;1&#8243; column_top_onmobile=&#8221;yes&#8221; ca_init_scale_z=&#8221;1&#8243; ca_an_scale_z=&#8221;1&#8243; responsive_css=&#8221;margin_top_medium:-520px|padding_right_small:45px|padding_left_small:45px&#8221; css=&#8221;.vc_custom_1610103240445{margin-top: 35px !important;padding-top: 45px !important;padding-right: 30px !important;padding-bottom: 45px !important;padding-left: 30px !important;background-color: #ffffff !important;border-radius: 10px !important;}&#8221; offset=&#8221;vc_col-lg-4 vc_col-md-6&#8243; column_box_shadow=&#8221;%5B%7B%22x_offset%22%3A%2220px%22%2C%22y_offset%22%3A%2240px%22%2C%22blur_radius%22%3A%2260px%22%2C%22shadow_color%22%3A%22rgba(0%2C%200%2C%200%2C%200.1)%22%7D%5D&#8221; ca_duration=&#8221;1800&#8243; ca_delay=&#8221;160&#8243; ca_init_translate_y=&#8221;35&#8243;]<style>.ld_fancy_heading_69e6feb83a7ed h5 {margin-bottom:0.75em !important;  } .ld_fancy_heading_69e6feb83a7ed .lqd-highlight-inner{height:0.275em;bottom:0px;}.ld_fancy_heading_69e6feb83a7ed h5 {margin-bottom:0.75em !important;  } <\/style><div class=\"ld-fancy-heading ld_fancy_heading_69e6feb83a7ed\">\n\t<h5 class=\"ld-fh-element lqd-highlight-underline lqd-highlight-grow-left text-decoration-default\"   >  Adres<\/h5><\/div>[vc_row_inner][vc_column_inner offset=&#8221;vc_col-md-10&#8243;]<style>.ld_fancy_heading_69e6feb83ac9d p {font-size:15px; } .ld_fancy_heading_69e6feb83ac9d p {margin-bottom:1.25em !important;  } .ld_fancy_heading_69e6feb83ac9d .lqd-highlight-inner{height:0.275em;bottom:0px;}.ld_fancy_heading_69e6feb83ac9d p {font-size:15px; } .ld_fancy_heading_69e6feb83ac9d p {margin-bottom:1.25em !important;  } <\/style><div class=\"ld-fancy-heading ld_fancy_heading_69e6feb83ac9d\">\n\t<p class=\"ld-fh-element lqd-highlight-underline lqd-highlight-grow-left text-decoration-default\"   >  <\/p>\n<p>Esentepe Mahallesi Talatpa\u015fa Caddesi No:5\/1 Harman Sok. Giri\u015fi, 34394 \u015ei\u015fli\/\u0130stanbul<\/p>\n<p><\/p><\/div><style>.ld_fancy_heading_69e6feb83b1e2 p {font-size:15px; } .ld_fancy_heading_69e6feb83b1e2 p {margin-bottom:1.25em !important;  } .ld_fancy_heading_69e6feb83b1e2 .lqd-highlight-inner{height:0.275em;bottom:0px;}.ld_fancy_heading_69e6feb83b1e2 p {font-size:15px; } .ld_fancy_heading_69e6feb83b1e2 p {margin-bottom:1.25em !important;  } <\/style><div class=\"ld-fancy-heading ld_fancy_heading_69e6feb83b1e2\">\n\t<p class=\"ld-fh-element lqd-highlight-underline lqd-highlight-grow-left text-decoration-default\"   >  Email: info@oprofix.com<\/p><\/div><style>.ld_fancy_heading_69e6feb83b4e1 p {font-size:15px; } .ld_fancy_heading_69e6feb83b4e1 p {margin-bottom:1.25em !important;  } .ld_fancy_heading_69e6feb83b4e1 .lqd-highlight-inner{height:0.275em;bottom:0px;}.ld_fancy_heading_69e6feb83b4e1 p {font-size:15px; } .ld_fancy_heading_69e6feb83b4e1 p {margin-bottom:1.25em !important;  } <\/style><div class=\"ld-fancy-heading ld_fancy_heading_69e6feb83b4e1\">\n\t<p class=\"ld-fh-element lqd-highlight-underline lqd-highlight-grow-left text-decoration-default\"   >  Telefon: (0212) 924 24 10<\/p><\/div>[\/vc_column_inner][\/vc_row_inner]<style>.ld_fancy_heading_69e6feb83b6bf h5 {margin-bottom:0.75em !important;  } .ld_fancy_heading_69e6feb83b6bf .lqd-highlight-inner{height:0.275em;bottom:0px;}.ld_fancy_heading_69e6feb83b6bf h5 {margin-bottom:0.75em !important;  } <\/style><div class=\"ld-fancy-heading ld_fancy_heading_69e6feb83b6bf\">\n\t<h5 class=\"ld-fh-element lqd-highlight-underline lqd-highlight-grow-left text-decoration-default\"   >  \u00c7al\u0131\u015fma Saatleri<\/h5><\/div>[vc_row_inner][vc_column_inner offset=&#8221;vc_col-md-10&#8243;]<style>.ld_fancy_heading_69e6feb83b899 p {font-size:15px; } .ld_fancy_heading_69e6feb83b899 p {margin-bottom:0px !important;  } .ld_fancy_heading_69e6feb83b899 .lqd-highlight-inner{height:0.275em;bottom:0px;}.ld_fancy_heading_69e6feb83b899 p {font-size:15px; } .ld_fancy_heading_69e6feb83b899 p {margin-bottom:0px !important;  } <\/style><div class=\"ld-fancy-heading ld_fancy_heading_69e6feb83b899\">\n\t<p class=\"ld-fh-element lqd-highlight-underline lqd-highlight-grow-left text-decoration-default\"   >  Mon &#8211; Fri: 8am &#8211; 9pm<\/p><\/div><style>.ld_fancy_heading_69e6feb83ba67 p {font-size:15px; } .ld_fancy_heading_69e6feb83ba67 p {margin-bottom:0px !important;  } .ld_fancy_heading_69e6feb83ba67 .lqd-highlight-inner{height:0.275em;bottom:0px;}.ld_fancy_heading_69e6feb83ba67 p {font-size:15px; } .ld_fancy_heading_69e6feb83ba67 p {margin-bottom:0px !important;  } <\/style><div class=\"ld-fancy-heading ld_fancy_heading_69e6feb83ba67\">\n\t<p class=\"ld-fh-element lqd-highlight-underline lqd-highlight-grow-left text-decoration-default\"   >  Sat &#8211; Sun: Closed<\/p><\/div>[\/vc_column_inner][\/vc_row_inner][\/vc_column][\/vc_row]<\/p>\n","protected":false},"excerpt":{"rendered":"<p>[vc_row content_placement=&#8221;middle&#8221; parallax=&#8221;enable_parallax&#8221; bg_position=&#8221;center center&#8221; css=&#8221;.vc_custom_1637671386680{padding-top: 140px !important;padding-bottom: 80px !important;background: #013682 url(http:\/\/oprofix.com\/wp-content\/uploads\/2021\/11\/header-1.jpg?id=5251);background-position: center;background-repeat: no-repeat !important;background-size: cover !important;}&#8221; responsive_css=&#8221;padding_top_medium:170px&#8221;][vc_column][\/vc_column][vc_column offset=&#8221;vc_col-md-6&#8243;][\/vc_column][vc_column width=&#8221;1\/2&#8243; offset=&#8221;vc_col-lg-offset-2 vc_col-lg-4 vc_col-md-offset-1 vc_col-md-5&#8243;][\/vc_column][\/vc_row][vc_row content_placement=&#8221;middle&#8221; responsive_css=&#8221;padding_top_medium:100px|padding_bottom_medium:100px|padding_top_small:80px|padding_bottom_small:80px&#8221; css=&#8221;.vc_custom_1610102039754{padding-top: 30px !important;padding-bottom: 60px !important;}&#8221;][vc_column enable_content_animation=&#8221;yes&#8221; ca_init_scale_x=&#8221;1&#8243; ca_init_scale_y=&#8221;1&#8243; ca_init_opacity=&#8221;0&#8243; ca_an_scale_x=&#8221;1&#8243; ca_an_scale_y=&#8221;1&#8243; ca_an_opacity=&#8221;1&#8243; ca_init_scale_z=&#8221;1&#8243; ca_an_scale_z=&#8221;1&#8243; offset=&#8221;vc_col-lg-4 vc_col-md-6&#8243; ca_duration=&#8221;1800&#8243; ca_delay=&#8221;180&#8243; ca_init_translate_y=&#8221;60&#8243; css=&#8221;.vc_custom_1611401104375{padding-top: 35px !important;padding-bottom: 35px !important;}&#8221;][\/vc_column][vc_column enable_column_shadowbox=&#8221;yes&#8221; enable_content_animation=&#8221;yes&#8221; ca_init_scale_x=&#8221;1&#8243; ca_init_scale_y=&#8221;1&#8243; ca_init_opacity=&#8221;0&#8243; [&hellip;]<\/p>\n","protected":false},"author":1,"featured_media":0,"parent":0,"menu_order":0,"comment_status":"closed","ping_status":"closed","template":"","meta":{"footnotes":""},"class_list":["post-5704","page","type-page","status-publish","hentry"],"post_mailing_queue_ids":[],"_links":{"self":[{"href":"https:\/\/oprofix.com\/en\/wp-json\/wp\/v2\/pages\/5704","targetHints":{"allow":["GET"]}}],"collection":[{"href":"https:\/\/oprofix.com\/en\/wp-json\/wp\/v2\/pages"}],"about":[{"href":"https:\/\/oprofix.com\/en\/wp-json\/wp\/v2\/types\/page"}],"author":[{"embeddable":true,"href":"https:\/\/oprofix.com\/en\/wp-json\/wp\/v2\/users\/1"}],"replies":[{"embeddable":true,"href":"https:\/\/oprofix.com\/en\/wp-json\/wp\/v2\/comments?post=5704"}],"version-history":[{"count":0,"href":"https:\/\/oprofix.com\/en\/wp-json\/wp\/v2\/pages\/5704\/revisions"}],"wp:attachment":[{"href":"https:\/\/oprofix.com\/en\/wp-json\/wp\/v2\/media?parent=5704"}],"curies":[{"name":"wp","href":"https:\/\/api.w.org\/{rel}","templated":true}]}}